{"id":5799,"date":"2026-01-05T19:36:39","date_gmt":"2026-01-05T19:36:39","guid":{"rendered":"https:\/\/premium.atitudenew.com\/?page_id=5799"},"modified":"2026-01-08T20:20:51","modified_gmt":"2026-01-08T20:20:51","slug":"planos","status":"publish","type":"page","link":"https:\/\/premium.atitudenew.com\/?page_id=5799","title":{"rendered":"planos membros"},"content":{"rendered":"\t\t<div data-elementor-type=\"wp-page\" data-elementor-id=\"5799\" class=\"elementor elementor-5799\">\n\t\t\t\t\t\t<section class=\"elementor-section elementor-top-section elementor-element elementor-element-45ebe8e elementor-section-boxed elementor-section-height-default elementor-section-height-default\" data-id=\"45ebe8e\" data-element_type=\"section\" data-e-type=\"section\" data-settings=\"{&quot;background_background&quot;:&quot;classic&quot;}\">\n\t\t\t\t\t\t<div class=\"elementor-container elementor-column-gap-default\">\n\t\t\t\t\t<div class=\"elementor-column elementor-col-100 elementor-top-column elementor-element elementor-element-bab7587\" data-id=\"bab7587\" data-element_type=\"column\" data-e-type=\"column\">\n\t\t\t<div class=\"elementor-widget-wrap elementor-element-populated\">\n\t\t\t\t\t\t<div class=\"elementor-element elementor-element-a1109ab elementor-widget elementor-widget-image\" data-id=\"a1109ab\" data-element_type=\"widget\" data-e-type=\"widget\" data-widget_type=\"image.default\">\n\t\t\t\t<div class=\"elementor-widget-container\">\n\t\t\t\t\t\t\t\t\t\t\t\t\t\t\t<img fetchpriority=\"high\" decoding=\"async\" width=\"800\" height=\"264\" src=\"https:\/\/premium.atitudenew.com\/wp-content\/uploads\/2025\/11\/logo-branco-png-grupo-atitudenew-1024x338.png\" class=\"attachment-large size-large wp-image-5323\" alt=\"\" srcset=\"https:\/\/premium.atitudenew.com\/wp-content\/uploads\/2025\/11\/logo-branco-png-grupo-atitudenew-1024x338.png 1024w, https:\/\/premium.atitudenew.com\/wp-content\/uploads\/2025\/11\/logo-branco-png-grupo-atitudenew-300x99.png 300w, https:\/\/premium.atitudenew.com\/wp-content\/uploads\/2025\/11\/logo-branco-png-grupo-atitudenew-768x253.png 768w, https:\/\/premium.atitudenew.com\/wp-content\/uploads\/2025\/11\/logo-branco-png-grupo-atitudenew.png 1083w\" sizes=\"(max-width: 800px) 100vw, 800px\" \/>\t\t\t\t\t\t\t\t\t\t\t\t\t\t\t<\/div>\n\t\t\t\t<\/div>\n\t\t\t\t\t<\/div>\n\t\t<\/div>\n\t\t\t\t\t<\/div>\n\t\t<\/section>\n\t\t\t\t<section class=\"elementor-section elementor-top-section elementor-element elementor-element-4a59e53 elementor-section-boxed elementor-section-height-default elementor-section-height-default\" data-id=\"4a59e53\" data-element_type=\"section\" data-e-type=\"section\" data-settings=\"{&quot;background_background&quot;:&quot;classic&quot;}\">\n\t\t\t\t\t\t\t<div class=\"elementor-background-overlay\"><\/div>\n\t\t\t\t\t\t\t<div class=\"elementor-container elementor-column-gap-default\">\n\t\t\t\t\t<div class=\"elementor-column elementor-col-100 elementor-top-column elementor-element elementor-element-405002f\" data-id=\"405002f\" data-element_type=\"column\" data-e-type=\"column\">\n\t\t\t<div class=\"elementor-widget-wrap elementor-element-populated\">\n\t\t\t\t\t\t<div class=\"elementor-element elementor-element-702abaf elementor-widget-mobile__width-initial elementor-widget elementor-widget-heading\" data-id=\"702abaf\" data-element_type=\"widget\" data-e-type=\"widget\" data-widget_type=\"heading.default\">\n\t\t\t\t<div class=\"elementor-widget-container\">\n\t\t\t\t\t<h5 class=\"elementor-heading-title elementor-size-default\">CLUBE DE MEMBROS PLANOS<\/h5>\t\t\t\t<\/div>\n\t\t\t\t<\/div>\n\t\t\t\t<div class=\"elementor-element elementor-element-aa85053 elementor-widget elementor-widget-text-editor\" data-id=\"aa85053\" data-element_type=\"widget\" data-e-type=\"widget\" data-widget_type=\"text-editor.default\">\n\t\t\t\t<div class=\"elementor-widget-container\">\n\t\t\t\t\t\t\t\t\t<p style=\"text-align: center;\"><span style=\"color: #ffffff;\"><strong>Clique no bot\u00e3o abaixo para escolher seu plano<\/strong><\/span><\/p>\t\t\t\t\t\t\t\t<\/div>\n\t\t\t\t<\/div>\n\t\t\t\t<section class=\"elementor-section elementor-inner-section elementor-element elementor-element-83f0330 elementor-section-boxed elementor-section-height-default elementor-section-height-default\" data-id=\"83f0330\" data-element_type=\"section\" data-e-type=\"section\">\n\t\t\t\t\t\t<div class=\"elementor-container elementor-column-gap-default\">\n\t\t\t\t\t\t<\/div>\n\t\t<\/section>\n\t\t\t\t<section class=\"elementor-section elementor-inner-section elementor-element elementor-element-30a0b48 elementor-section-boxed elementor-section-height-default elementor-section-height-default\" data-id=\"30a0b48\" data-element_type=\"section\" data-e-type=\"section\">\n\t\t\t\t\t\t<div class=\"elementor-container elementor-column-gap-default\">\n\t\t\t\t\t<div class=\"elementor-column elementor-col-50 elementor-inner-column elementor-element elementor-element-63d5662\" data-id=\"63d5662\" data-element_type=\"column\" data-e-type=\"column\">\n\t\t\t<div class=\"elementor-widget-wrap elementor-element-populated\">\n\t\t\t\t\t\t<div class=\"elementor-element elementor-element-8c2b2dc elementor-widget elementor-widget-image\" data-id=\"8c2b2dc\" data-element_type=\"widget\" data-e-type=\"widget\" data-widget_type=\"image.default\">\n\t\t\t\t<div class=\"elementor-widget-container\">\n\t\t\t\t\t\t\t\t\t\t\t\t\t\t\t<img decoding=\"async\" width=\"768\" height=\"512\" src=\"https:\/\/premium.atitudenew.com\/wp-content\/uploads\/2026\/01\/pessoas-de-tiro-medio-com-papelada-768x512.jpg\" class=\"attachment-medium_large size-medium_large wp-image-5810\" alt=\"\" srcset=\"https:\/\/premium.atitudenew.com\/wp-content\/uploads\/2026\/01\/pessoas-de-tiro-medio-com-papelada-768x512.jpg 768w, https:\/\/premium.atitudenew.com\/wp-content\/uploads\/2026\/01\/pessoas-de-tiro-medio-com-papelada-300x200.jpg 300w, https:\/\/premium.atitudenew.com\/wp-content\/uploads\/2026\/01\/pessoas-de-tiro-medio-com-papelada-1024x683.jpg 1024w, https:\/\/premium.atitudenew.com\/wp-content\/uploads\/2026\/01\/pessoas-de-tiro-medio-com-papelada-1536x1024.jpg 1536w, https:\/\/premium.atitudenew.com\/wp-content\/uploads\/2026\/01\/pessoas-de-tiro-medio-com-papelada-2048x1365.jpg 2048w\" sizes=\"(max-width: 768px) 100vw, 768px\" \/>\t\t\t\t\t\t\t\t\t\t\t\t\t\t\t<\/div>\n\t\t\t\t<\/div>\n\t\t\t\t<div class=\"elementor-element elementor-element-56bddae elementor-align-center elementor-widget elementor-widget-button\" data-id=\"56bddae\" data-element_type=\"widget\" data-e-type=\"widget\" data-widget_type=\"button.default\">\n\t\t\t\t<div class=\"elementor-widget-container\">\n\t\t\t\t\t\t\t\t\t<div class=\"elementor-button-wrapper\">\n\t\t\t\t\t<a class=\"elementor-button elementor-button-link elementor-size-sm\" href=\"https:\/\/pag.ae\/81oaarj9o\">\n\t\t\t\t\t\t<span class=\"elementor-button-content-wrapper\">\n\t\t\t\t\t\t\t\t\t<span class=\"elementor-button-text\">Assinar<\/span>\n\t\t\t\t\t<\/span>\n\t\t\t\t\t<\/a>\n\t\t\t\t<\/div>\n\t\t\t\t\t\t\t\t<\/div>\n\t\t\t\t<\/div>\n\t\t\t\t<div class=\"elementor-element elementor-element-c5318b5 elementor-widget elementor-widget-heading\" data-id=\"c5318b5\" data-element_type=\"widget\" data-e-type=\"widget\" data-widget_type=\"heading.default\">\n\t\t\t\t<div class=\"elementor-widget-container\">\n\t\t\t\t\t<h4 class=\"elementor-heading-title elementor-size-default\">R$ 20,00 M\u00eas<\/h4>\t\t\t\t<\/div>\n\t\t\t\t<\/div>\n\t\t\t\t\t<\/div>\n\t\t<\/div>\n\t\t\t\t<div class=\"elementor-column elementor-col-50 elementor-inner-column elementor-element elementor-element-5bd6128\" data-id=\"5bd6128\" data-element_type=\"column\" data-e-type=\"column\">\n\t\t\t<div class=\"elementor-widget-wrap elementor-element-populated\">\n\t\t\t\t\t\t<div class=\"elementor-element elementor-element-c1b59e3 elementor-widget elementor-widget-image\" data-id=\"c1b59e3\" data-element_type=\"widget\" data-e-type=\"widget\" data-widget_type=\"image.default\">\n\t\t\t\t<div class=\"elementor-widget-container\">\n\t\t\t\t\t\t\t\t\t\t\t\t\t\t\t<img decoding=\"async\" width=\"800\" height=\"534\" src=\"https:\/\/premium.atitudenew.com\/wp-content\/uploads\/2026\/01\/jovem-casal-amoroso-feliz-falando-por-telefone-1024x683.jpg\" class=\"attachment-large size-large wp-image-5809\" alt=\"\" srcset=\"https:\/\/premium.atitudenew.com\/wp-content\/uploads\/2026\/01\/jovem-casal-amoroso-feliz-falando-por-telefone-1024x683.jpg 1024w, https:\/\/premium.atitudenew.com\/wp-content\/uploads\/2026\/01\/jovem-casal-amoroso-feliz-falando-por-telefone-300x200.jpg 300w, https:\/\/premium.atitudenew.com\/wp-content\/uploads\/2026\/01\/jovem-casal-amoroso-feliz-falando-por-telefone-768x512.jpg 768w, https:\/\/premium.atitudenew.com\/wp-content\/uploads\/2026\/01\/jovem-casal-amoroso-feliz-falando-por-telefone-1536x1024.jpg 1536w, https:\/\/premium.atitudenew.com\/wp-content\/uploads\/2026\/01\/jovem-casal-amoroso-feliz-falando-por-telefone-2048x1365.jpg 2048w\" sizes=\"(max-width: 800px) 100vw, 800px\" \/>\t\t\t\t\t\t\t\t\t\t\t\t\t\t\t<\/div>\n\t\t\t\t<\/div>\n\t\t\t\t<div class=\"elementor-element elementor-element-82b4197 elementor-align-center elementor-widget elementor-widget-button\" data-id=\"82b4197\" data-element_type=\"widget\" data-e-type=\"widget\" data-widget_type=\"button.default\">\n\t\t\t\t<div class=\"elementor-widget-container\">\n\t\t\t\t\t\t\t\t\t<div class=\"elementor-button-wrapper\">\n\t\t\t\t\t<a class=\"elementor-button elementor-button-link elementor-size-sm\" href=\"https:\/\/pag.ae\/81oabKMTM\">\n\t\t\t\t\t\t<span class=\"elementor-button-content-wrapper\">\n\t\t\t\t\t\t\t\t\t<span class=\"elementor-button-text\">Assinar<\/span>\n\t\t\t\t\t<\/span>\n\t\t\t\t\t<\/a>\n\t\t\t\t<\/div>\n\t\t\t\t\t\t\t\t<\/div>\n\t\t\t\t<\/div>\n\t\t\t\t<div class=\"elementor-element elementor-element-ed250c5 elementor-widget elementor-widget-heading\" data-id=\"ed250c5\" data-element_type=\"widget\" data-e-type=\"widget\" data-widget_type=\"heading.default\">\n\t\t\t\t<div class=\"elementor-widget-container\">\n\t\t\t\t\t<h4 class=\"elementor-heading-title elementor-size-default\">R$ 150,00 Ano<\/h4>\t\t\t\t<\/div>\n\t\t\t\t<\/div>\n\t\t\t\t\t<\/div>\n\t\t<\/div>\n\t\t\t\t\t<\/div>\n\t\t<\/section>\n\t\t\t\t<section class=\"elementor-section elementor-inner-section elementor-element elementor-element-3a94664 elementor-section-boxed elementor-section-height-default elementor-section-height-default\" data-id=\"3a94664\" data-element_type=\"section\" data-e-type=\"section\">\n\t\t\t\t\t\t<div class=\"elementor-container elementor-column-gap-default\">\n\t\t\t\t\t<div class=\"elementor-column elementor-col-50 elementor-inner-column elementor-element elementor-element-655cc34\" data-id=\"655cc34\" data-element_type=\"column\" data-e-type=\"column\">\n\t\t\t<div class=\"elementor-widget-wrap\">\n\t\t\t\t\t\t\t<\/div>\n\t\t<\/div>\n\t\t\t\t<div class=\"elementor-column elementor-col-50 elementor-inner-column elementor-element elementor-element-760f549\" data-id=\"760f549\" data-element_type=\"column\" data-e-type=\"column\">\n\t\t\t<div class=\"elementor-widget-wrap\">\n\t\t\t\t\t\t\t<\/div>\n\t\t<\/div>\n\t\t\t\t\t<\/div>\n\t\t<\/section>\n\t\t\t\t<section class=\"elementor-section elementor-inner-section elementor-element elementor-element-145fba4 elementor-section-boxed elementor-section-height-default elementor-section-height-default\" data-id=\"145fba4\" data-element_type=\"section\" data-e-type=\"section\">\n\t\t\t\t\t\t<div class=\"elementor-container elementor-column-gap-default\">\n\t\t\t\t\t\t<\/div>\n\t\t<\/section>\n\t\t\t\t<section class=\"elementor-section elementor-inner-section elementor-element elementor-element-a675890 elementor-section-boxed elementor-section-height-default elementor-section-height-default\" data-id=\"a675890\" data-element_type=\"section\" data-e-type=\"section\">\n\t\t\t\t\t\t<div class=\"elementor-container elementor-column-gap-default\">\n\t\t\t\t\t\t<\/div>\n\t\t<\/section>\n\t\t\t\t\t<\/div>\n\t\t<\/div>\n\t\t\t\t\t<\/div>\n\t\t<\/section>\n\t\t\t\t<section class=\"elementor-section elementor-top-section elementor-element elementor-element-87d1980 elementor-section-boxed elementor-section-height-default elementor-section-height-default\" data-id=\"87d1980\" data-element_type=\"section\" data-e-type=\"section\" data-settings=\"{&quot;background_background&quot;:&quot;classic&quot;}\">\n\t\t\t\t\t\t<div class=\"elementor-container elementor-column-gap-default\">\n\t\t\t\t\t<div class=\"elementor-column elementor-col-100 elementor-top-column elementor-element elementor-element-4cb50c4\" data-id=\"4cb50c4\" data-element_type=\"column\" data-e-type=\"column\">\n\t\t\t<div class=\"elementor-widget-wrap elementor-element-populated\">\n\t\t\t\t\t\t<div class=\"elementor-element elementor-element-c26ef61 elementor-widget-divider--view-line elementor-widget elementor-widget-divider\" data-id=\"c26ef61\" data-element_type=\"widget\" data-e-type=\"widget\" data-widget_type=\"divider.default\">\n\t\t\t\t<div class=\"elementor-widget-container\">\n\t\t\t\t\t\t\t<div class=\"elementor-divider\">\n\t\t\t<span class=\"elementor-divider-separator\">\n\t\t\t\t\t\t<\/span>\n\t\t<\/div>\n\t\t\t\t\t\t<\/div>\n\t\t\t\t<\/div>\n\t\t\t\t\t<\/div>\n\t\t<\/div>\n\t\t\t\t\t<\/div>\n\t\t<\/section>\n\t\t\t\t<section class=\"elementor-section elementor-top-section elementor-element elementor-element-23d6093 elementor-section-boxed elementor-section-height-default elementor-section-height-default\" data-id=\"23d6093\" data-element_type=\"section\" data-e-type=\"section\" data-settings=\"{&quot;background_background&quot;:&quot;classic&quot;}\">\n\t\t\t\t\t\t<div class=\"elementor-container elementor-column-gap-default\">\n\t\t\t\t\t<div class=\"elementor-column elementor-col-100 elementor-top-column elementor-element elementor-element-863308b\" data-id=\"863308b\" data-element_type=\"column\" data-e-type=\"column\">\n\t\t\t<div class=\"elementor-widget-wrap elementor-element-populated\">\n\t\t\t\t\t\t<section class=\"elementor-section elementor-inner-section elementor-element elementor-element-46fd07c elementor-section-boxed elementor-section-height-default elementor-section-height-default\" data-id=\"46fd07c\" data-element_type=\"section\" data-e-type=\"section\">\n\t\t\t\t\t\t<div class=\"elementor-container elementor-column-gap-default\">\n\t\t\t\t\t<div class=\"elementor-column elementor-col-50 elementor-inner-column elementor-element elementor-element-7c4e9d7\" data-id=\"7c4e9d7\" data-element_type=\"column\" data-e-type=\"column\">\n\t\t\t<div class=\"elementor-widget-wrap elementor-element-populated\">\n\t\t\t\t\t\t<div class=\"elementor-element elementor-element-5f9c0cc elementor-widget elementor-widget-text-editor\" data-id=\"5f9c0cc\" data-element_type=\"widget\" data-e-type=\"widget\" data-widget_type=\"text-editor.default\">\n\t\t\t\t<div class=\"elementor-widget-container\">\n\t\t\t\t\t\t\t\t\t<h5>J\u00e1 \u00e9 Membro? Entre Aqui<\/h5>\t\t\t\t\t\t\t\t<\/div>\n\t\t\t\t<\/div>\n\t\t\t\t\t<\/div>\n\t\t<\/div>\n\t\t\t\t<div class=\"elementor-column elementor-col-50 elementor-inner-column elementor-element elementor-element-d4fa6be\" data-id=\"d4fa6be\" data-element_type=\"column\" data-e-type=\"column\">\n\t\t\t<div class=\"elementor-widget-wrap elementor-element-populated\">\n\t\t\t\t\t\t<div class=\"elementor-element elementor-element-68b9e7c elementor-mobile-align-center elementor-widget elementor-widget-button\" data-id=\"68b9e7c\" data-element_type=\"widget\" data-e-type=\"widget\" data-widget_type=\"button.default\">\n\t\t\t\t<div class=\"elementor-widget-container\">\n\t\t\t\t\t\t\t\t\t<div class=\"elementor-button-wrapper\">\n\t\t\t\t\t<a class=\"elementor-button elementor-button-link elementor-size-sm elementor-animation-pulse\" href=\"https:\/\/premium.atitudenew.com\/?page_id=5316\">\n\t\t\t\t\t\t<span class=\"elementor-button-content-wrapper\">\n\t\t\t\t\t\t\t\t\t<span class=\"elementor-button-text\">ENTRAR<\/span>\n\t\t\t\t\t<\/span>\n\t\t\t\t\t<\/a>\n\t\t\t\t<\/div>\n\t\t\t\t\t\t\t\t<\/div>\n\t\t\t\t<\/div>\n\t\t\t\t\t<\/div>\n\t\t<\/div>\n\t\t\t\t\t<\/div>\n\t\t<\/section>\n\t\t\t\t\t<\/div>\n\t\t<\/div>\n\t\t\t\t\t<\/div>\n\t\t<\/section>\n\t\t\t\t<\/div>\n\t\t","protected":false},"excerpt":{"rendered":"<p>CLUBE DE MEMBROS PLANOS Clique no bot\u00e3o abaixo para escolher seu plano Assinar R$ 20,00 M\u00eas Assinar R$ 150,00 Ano J\u00e1 \u00e9 Membro? Entre Aqui ENTRAR<\/p>\n","protected":false},"author":1,"featured_media":0,"parent":0,"menu_order":0,"comment_status":"closed","ping_status":"closed","template":"elementor_canvas","meta":{"_themeisle_gutenberg_block_has_review":false,"footnotes":""},"class_list":["post-5799","page","type-page","status-publish","hentry"],"_links":{"self":[{"href":"https:\/\/premium.atitudenew.com\/index.php?rest_route=\/wp\/v2\/pages\/5799","targetHints":{"allow":["GET"]}}],"collection":[{"href":"https:\/\/premium.atitudenew.com\/index.php?rest_route=\/wp\/v2\/pages"}],"about":[{"href":"https:\/\/premium.atitudenew.com\/index.php?rest_route=\/wp\/v2\/types\/page"}],"author":[{"embeddable":true,"href":"https:\/\/premium.atitudenew.com\/index.php?rest_route=\/wp\/v2\/users\/1"}],"replies":[{"embeddable":true,"href":"https:\/\/premium.atitudenew.com\/index.php?rest_route=%2Fwp%2Fv2%2Fcomments&post=5799"}],"version-history":[{"count":26,"href":"https:\/\/premium.atitudenew.com\/index.php?rest_route=\/wp\/v2\/pages\/5799\/revisions"}],"predecessor-version":[{"id":5892,"href":"https:\/\/premium.atitudenew.com\/index.php?rest_route=\/wp\/v2\/pages\/5799\/revisions\/5892"}],"wp:attachment":[{"href":"https:\/\/premium.atitudenew.com\/index.php?rest_route=%2Fwp%2Fv2%2Fmedia&parent=5799"}],"curies":[{"name":"wp","href":"https:\/\/api.w.org\/{rel}","templated":true}]}}