{"id":5760,"date":"2026-01-05T18:27:32","date_gmt":"2026-01-05T18:27:32","guid":{"rendered":"https:\/\/premium.atitudenew.com\/?page_id=5760"},"modified":"2026-02-05T13:58:35","modified_gmt":"2026-02-05T13:58:35","slug":"clube","status":"publish","type":"page","link":"https:\/\/premium.atitudenew.com\/?page_id=5760","title":{"rendered":"clube"},"content":{"rendered":"\t\t<div data-elementor-type=\"wp-page\" data-elementor-id=\"5760\" class=\"elementor elementor-5760\">\n\t\t\t\t\t\t<section class=\"elementor-section elementor-top-section elementor-element elementor-element-619b2e5 elementor-section-full_width elementor-section-height-default elementor-section-height-default\" data-id=\"619b2e5\" data-element_type=\"section\" data-e-type=\"section\" data-settings=\"{&quot;background_background&quot;:&quot;gradient&quot;}\">\n\t\t\t\t\t\t<div class=\"elementor-container elementor-column-gap-default\">\n\t\t\t\t\t<div class=\"elementor-column elementor-col-100 elementor-top-column elementor-element elementor-element-0b25cf8\" data-id=\"0b25cf8\" data-element_type=\"column\" data-e-type=\"column\">\n\t\t\t<div class=\"elementor-widget-wrap elementor-element-populated\">\n\t\t\t\t\t\t<div class=\"elementor-element elementor-element-5b7a146 elementor-widget-divider--view-line elementor-widget elementor-widget-divider\" data-id=\"5b7a146\" data-element_type=\"widget\" data-e-type=\"widget\" data-widget_type=\"divider.default\">\n\t\t\t\t<div class=\"elementor-widget-container\">\n\t\t\t\t\t\t\t<div class=\"elementor-divider\">\n\t\t\t<span class=\"elementor-divider-separator\">\n\t\t\t\t\t\t<\/span>\n\t\t<\/div>\n\t\t\t\t\t\t<\/div>\n\t\t\t\t<\/div>\n\t\t\t\t\t<\/div>\n\t\t<\/div>\n\t\t\t\t\t<\/div>\n\t\t<\/section>\n\t\t\t\t<section class=\"elementor-section elementor-top-section elementor-element elementor-element-900d65e elementor-section-boxed elementor-section-height-default elementor-section-height-default\" data-id=\"900d65e\" data-element_type=\"section\" data-e-type=\"section\" data-settings=\"{&quot;background_background&quot;:&quot;classic&quot;}\">\n\t\t\t\t\t\t<div class=\"elementor-container elementor-column-gap-default\">\n\t\t\t\t\t<div class=\"elementor-column elementor-col-100 elementor-top-column elementor-element elementor-element-72abebb\" data-id=\"72abebb\" data-element_type=\"column\" data-e-type=\"column\">\n\t\t\t<div class=\"elementor-widget-wrap elementor-element-populated\">\n\t\t\t\t\t\t<div class=\"elementor-element elementor-element-7f41df3 elementor-widget elementor-widget-image\" data-id=\"7f41df3\" data-element_type=\"widget\" data-e-type=\"widget\" data-widget_type=\"image.default\">\n\t\t\t\t<div class=\"elementor-widget-container\">\n\t\t\t\t\t\t\t\t\t\t\t\t\t\t\t<img fetchpriority=\"high\" decoding=\"async\" width=\"800\" height=\"264\" src=\"https:\/\/premium.atitudenew.com\/wp-content\/uploads\/2025\/11\/logo-branco-png-grupo-atitudenew-1024x338.png\" class=\"attachment-large size-large wp-image-5323\" alt=\"\" srcset=\"https:\/\/premium.atitudenew.com\/wp-content\/uploads\/2025\/11\/logo-branco-png-grupo-atitudenew-1024x338.png 1024w, https:\/\/premium.atitudenew.com\/wp-content\/uploads\/2025\/11\/logo-branco-png-grupo-atitudenew-300x99.png 300w, https:\/\/premium.atitudenew.com\/wp-content\/uploads\/2025\/11\/logo-branco-png-grupo-atitudenew-768x253.png 768w, https:\/\/premium.atitudenew.com\/wp-content\/uploads\/2025\/11\/logo-branco-png-grupo-atitudenew.png 1083w\" sizes=\"(max-width: 800px) 100vw, 800px\" \/>\t\t\t\t\t\t\t\t\t\t\t\t\t\t\t<\/div>\n\t\t\t\t<\/div>\n\t\t\t\t\t<\/div>\n\t\t<\/div>\n\t\t\t\t\t<\/div>\n\t\t<\/section>\n\t\t\t\t<section class=\"elementor-section elementor-top-section elementor-element elementor-element-18d1ff1 elementor-section-boxed elementor-section-height-default elementor-section-height-default\" data-id=\"18d1ff1\" data-element_type=\"section\" data-e-type=\"section\">\n\t\t\t\t\t\t<div class=\"elementor-container elementor-column-gap-default\">\n\t\t\t\t\t<div class=\"elementor-column elementor-col-100 elementor-top-column elementor-element elementor-element-caff5a9\" data-id=\"caff5a9\" data-element_type=\"column\" data-e-type=\"column\">\n\t\t\t<div class=\"elementor-widget-wrap elementor-element-populated\">\n\t\t\t\t\t\t<div class=\"elementor-element elementor-element-257f5d9 elementor-widget elementor-widget-heading\" data-id=\"257f5d9\" data-element_type=\"widget\" data-e-type=\"widget\" data-widget_type=\"heading.default\">\n\t\t\t\t<div class=\"elementor-widget-container\">\n\t\t\t\t\t<h4 class=\"elementor-heading-title elementor-size-default\">Clube de neg\u00f3cios Atitudenew<\/h4>\t\t\t\t<\/div>\n\t\t\t\t<\/div>\n\t\t\t\t<div class=\"elementor-element elementor-element-7d8ffa8 elementor-widget elementor-widget-text-editor\" data-id=\"7d8ffa8\" data-element_type=\"widget\" data-e-type=\"widget\" data-widget_type=\"text-editor.default\">\n\t\t\t\t<div class=\"elementor-widget-container\">\n\t\t\t\t\t\t\t\t\t<p style=\"text-align: center;\"><span style=\"color: #333333;\">O <strong data-start=\"203\" data-end=\"235\">Clube de Neg\u00f3cios AtitudeNew<\/strong> foi criado para empres\u00e1rios, empreendedores e profissionais que acreditam no poder do relacionamento estrat\u00e9gico e do crescimento colaborativo. Mais do que uma comunidade, o clube \u00e9 um ecossistema de oportunidades reais de neg\u00f3cios.<\/span><\/p>\t\t\t\t\t\t\t\t<\/div>\n\t\t\t\t<\/div>\n\t\t\t\t\t<\/div>\n\t\t<\/div>\n\t\t\t\t\t<\/div>\n\t\t<\/section>\n\t\t\t\t<section class=\"elementor-section elementor-top-section elementor-element elementor-element-9925d67 elementor-section-boxed elementor-section-height-default elementor-section-height-default\" data-id=\"9925d67\" data-element_type=\"section\" data-e-type=\"section\" data-settings=\"{&quot;background_background&quot;:&quot;classic&quot;}\">\n\t\t\t\t\t\t<div class=\"elementor-container elementor-column-gap-default\">\n\t\t\t\t\t<div class=\"elementor-column elementor-col-50 elementor-top-column elementor-element elementor-element-739f85d\" data-id=\"739f85d\" data-element_type=\"column\" data-e-type=\"column\">\n\t\t\t<div class=\"elementor-widget-wrap elementor-element-populated\">\n\t\t\t\t\t\t<div class=\"elementor-element elementor-element-b00b16c elementor-widget elementor-widget-text-editor\" data-id=\"b00b16c\" data-element_type=\"widget\" data-e-type=\"widget\" data-widget_type=\"text-editor.default\">\n\t\t\t\t<div class=\"elementor-widget-container\">\n\t\t\t\t\t\t\t\t\t<p data-start=\"470\" data-end=\"656\"><span style=\"color: #ffffff;\">Ao se tornar membro, voc\u00ea passa a fazer parte de uma rede qualificada, onde os participantes <strong data-start=\"563\" data-end=\"618\">compram, vendem, indicam e geram parcerias entre si<\/strong>, sem intermedi\u00e1rios e sem burocracia.<\/span><\/p><h4 data-start=\"658\" data-end=\"700\"><span style=\"color: #ffff00;\">Principais benef\u00edcios para os membros<\/span><\/h4><p data-start=\"702\" data-end=\"918\"><span style=\"color: #ffffff;\"><strong data-start=\"702\" data-end=\"728\">Neg\u00f3cios sem comiss\u00f5es<\/strong><\/span><br data-start=\"728\" data-end=\"731\" \/><span style=\"color: #ffffff;\">No Clube de Neg\u00f3cios AtitudeNew, <strong data-start=\"764\" data-end=\"816\">n\u00e3o cobramos nenhum percentual sobre suas vendas<\/strong>. Todo neg\u00f3cio fechado entre os membros \u00e9 100% seu, preservando sua margem e valorizando seu trabalho.<\/span><\/p><p data-start=\"702\" data-end=\"918\">\u00a0<span style=\"color: #ffffff;\">Anuncie seu neg\u00f3cio gratuitamente nos classificados, fale com qualquer empresa no chat e fa\u00e7a muitos neg\u00f3cios<\/span><\/p><p data-start=\"702\" data-end=\"918\">\u00a0<\/p>\t\t\t\t\t\t\t\t<\/div>\n\t\t\t\t<\/div>\n\t\t\t\t<div class=\"elementor-element elementor-element-918546f elementor-align-center elementor-widget elementor-widget-button\" data-id=\"918546f\" data-element_type=\"widget\" data-e-type=\"widget\" data-widget_type=\"button.default\">\n\t\t\t\t<div class=\"elementor-widget-container\">\n\t\t\t\t\t\t\t\t\t<div class=\"elementor-button-wrapper\">\n\t\t\t\t\t<a class=\"elementor-button elementor-button-link elementor-size-sm\" href=\"https:\/\/premium.atitudenew.com\/?page_id=5799\">\n\t\t\t\t\t\t<span class=\"elementor-button-content-wrapper\">\n\t\t\t\t\t\t\t\t\t<span class=\"elementor-button-text\">Quero ser Membro<\/span>\n\t\t\t\t\t<\/span>\n\t\t\t\t\t<\/a>\n\t\t\t\t<\/div>\n\t\t\t\t\t\t\t\t<\/div>\n\t\t\t\t<\/div>\n\t\t\t\t\t<\/div>\n\t\t<\/div>\n\t\t\t\t<div class=\"elementor-column elementor-col-50 elementor-top-column elementor-element elementor-element-f237396\" data-id=\"f237396\" data-element_type=\"column\" data-e-type=\"column\">\n\t\t\t<div class=\"elementor-widget-wrap elementor-element-populated\">\n\t\t\t\t\t\t<div class=\"elementor-element elementor-element-4a7884e elementor-widget elementor-widget-image\" data-id=\"4a7884e\" data-element_type=\"widget\" data-e-type=\"widget\" data-widget_type=\"image.default\">\n\t\t\t\t<div class=\"elementor-widget-container\">\n\t\t\t\t\t\t\t\t\t\t\t\t\t\t\t<img decoding=\"async\" width=\"800\" height=\"534\" src=\"https:\/\/premium.atitudenew.com\/wp-content\/uploads\/2026\/01\/colegas-de-trabalho-apertando-as-maos-durante-uma-reuniao-no-escritorio-o-foco-esta-em-um-empresario-1024x683.jpg\" class=\"attachment-large size-large wp-image-5771\" alt=\"\" srcset=\"https:\/\/premium.atitudenew.com\/wp-content\/uploads\/2026\/01\/colegas-de-trabalho-apertando-as-maos-durante-uma-reuniao-no-escritorio-o-foco-esta-em-um-empresario-1024x683.jpg 1024w, https:\/\/premium.atitudenew.com\/wp-content\/uploads\/2026\/01\/colegas-de-trabalho-apertando-as-maos-durante-uma-reuniao-no-escritorio-o-foco-esta-em-um-empresario-300x200.jpg 300w, https:\/\/premium.atitudenew.com\/wp-content\/uploads\/2026\/01\/colegas-de-trabalho-apertando-as-maos-durante-uma-reuniao-no-escritorio-o-foco-esta-em-um-empresario-768x512.jpg 768w, https:\/\/premium.atitudenew.com\/wp-content\/uploads\/2026\/01\/colegas-de-trabalho-apertando-as-maos-durante-uma-reuniao-no-escritorio-o-foco-esta-em-um-empresario-1536x1024.jpg 1536w, https:\/\/premium.atitudenew.com\/wp-content\/uploads\/2026\/01\/colegas-de-trabalho-apertando-as-maos-durante-uma-reuniao-no-escritorio-o-foco-esta-em-um-empresario-2048x1365.jpg 2048w\" sizes=\"(max-width: 800px) 100vw, 800px\" \/>\t\t\t\t\t\t\t\t\t\t\t\t\t\t\t<\/div>\n\t\t\t\t<\/div>\n\t\t\t\t\t<\/div>\n\t\t<\/div>\n\t\t\t\t\t<\/div>\n\t\t<\/section>\n\t\t\t\t<section class=\"elementor-section elementor-top-section elementor-element elementor-element-898dc85 elementor-section-boxed elementor-section-height-default elementor-section-height-default\" data-id=\"898dc85\" data-element_type=\"section\" data-e-type=\"section\">\n\t\t\t\t\t\t<div class=\"elementor-container elementor-column-gap-default\">\n\t\t\t\t\t<div class=\"elementor-column elementor-col-100 elementor-top-column elementor-element elementor-element-17584f7\" data-id=\"17584f7\" data-element_type=\"column\" data-e-type=\"column\">\n\t\t\t<div class=\"elementor-widget-wrap elementor-element-populated\">\n\t\t\t\t\t\t<div class=\"elementor-element elementor-element-c35e07a elementor-widget elementor-widget-heading\" data-id=\"c35e07a\" data-element_type=\"widget\" data-e-type=\"widget\" data-widget_type=\"heading.default\">\n\t\t\t\t<div class=\"elementor-widget-container\">\n\t\t\t\t\t<h4 class=\"elementor-heading-title elementor-size-default\">Encontros presenciais exclusivos<\/h4>\t\t\t\t<\/div>\n\t\t\t\t<\/div>\n\t\t\t\t<div class=\"elementor-element elementor-element-f9434db elementor-widget elementor-widget-text-editor\" data-id=\"f9434db\" data-element_type=\"widget\" data-e-type=\"widget\" data-widget_type=\"text-editor.default\">\n\t\t\t\t<div class=\"elementor-widget-container\">\n\t\t\t\t\t\t\t\t\t<p style=\"text-align: center;\"><span style=\"color: #000000;\">Os membros t\u00eam acesso a encontros presenciais focados em networking estrat\u00e9gico, gera\u00e7\u00e3o de neg\u00f3cios e visibilidade. S\u00e3o ambientes planejados para conex\u00f5es produtivas, com empres\u00e1rios que realmente tomam decis\u00e3o.<\/span><\/p>\t\t\t\t\t\t\t\t<\/div>\n\t\t\t\t<\/div>\n\t\t\t\t\t<\/div>\n\t\t<\/div>\n\t\t\t\t\t<\/div>\n\t\t<\/section>\n\t\t\t\t<section class=\"elementor-section elementor-top-section elementor-element elementor-element-7427b30 elementor-section-boxed elementor-section-height-default elementor-section-height-default\" data-id=\"7427b30\" data-element_type=\"section\" data-e-type=\"section\" data-settings=\"{&quot;background_background&quot;:&quot;classic&quot;}\">\n\t\t\t\t\t\t<div class=\"elementor-container elementor-column-gap-default\">\n\t\t\t\t\t<div class=\"elementor-column elementor-col-100 elementor-top-column elementor-element elementor-element-1327aa1\" data-id=\"1327aa1\" data-element_type=\"column\" data-e-type=\"column\">\n\t\t\t<div class=\"elementor-widget-wrap elementor-element-populated\">\n\t\t\t\t\t\t<section class=\"elementor-section elementor-inner-section elementor-element elementor-element-8476afc elementor-section-boxed elementor-section-height-default elementor-section-height-default\" data-id=\"8476afc\" data-element_type=\"section\" data-e-type=\"section\">\n\t\t\t\t\t\t<div class=\"elementor-container elementor-column-gap-default\">\n\t\t\t\t\t<div class=\"elementor-column elementor-col-50 elementor-inner-column elementor-element elementor-element-178c230\" data-id=\"178c230\" data-element_type=\"column\" data-e-type=\"column\">\n\t\t\t<div class=\"elementor-widget-wrap elementor-element-populated\">\n\t\t\t\t\t\t<div class=\"elementor-element elementor-element-c03d26a elementor-widget elementor-widget-text-editor\" data-id=\"c03d26a\" data-element_type=\"widget\" data-e-type=\"widget\" data-widget_type=\"text-editor.default\">\n\t\t\t\t<div class=\"elementor-widget-container\">\n\t\t\t\t\t\t\t\t\t<h5>J\u00e1 \u00e9 Membro? Entre Aqui<\/h5>\t\t\t\t\t\t\t\t<\/div>\n\t\t\t\t<\/div>\n\t\t\t\t\t<\/div>\n\t\t<\/div>\n\t\t\t\t<div class=\"elementor-column elementor-col-50 elementor-inner-column elementor-element elementor-element-2bea97f\" data-id=\"2bea97f\" data-element_type=\"column\" data-e-type=\"column\">\n\t\t\t<div class=\"elementor-widget-wrap elementor-element-populated\">\n\t\t\t\t\t\t<div class=\"elementor-element elementor-element-1864a3e elementor-mobile-align-center elementor-widget elementor-widget-button\" data-id=\"1864a3e\" data-element_type=\"widget\" data-e-type=\"widget\" data-widget_type=\"button.default\">\n\t\t\t\t<div class=\"elementor-widget-container\">\n\t\t\t\t\t\t\t\t\t<div class=\"elementor-button-wrapper\">\n\t\t\t\t\t<a class=\"elementor-button elementor-button-link elementor-size-sm elementor-animation-pulse\" href=\"https:\/\/premium.atitudenew.com\/?login&#038;redirect_to=https%3A%2F%2Fpremium.atitudenew.com%2F%3Fpage_id%3D5398&#038;reauth=1\">\n\t\t\t\t\t\t<span class=\"elementor-button-content-wrapper\">\n\t\t\t\t\t\t\t\t\t<span class=\"elementor-button-text\">ENTRAR<\/span>\n\t\t\t\t\t<\/span>\n\t\t\t\t\t<\/a>\n\t\t\t\t<\/div>\n\t\t\t\t\t\t\t\t<\/div>\n\t\t\t\t<\/div>\n\t\t\t\t\t<\/div>\n\t\t<\/div>\n\t\t\t\t\t<\/div>\n\t\t<\/section>\n\t\t\t\t\t<\/div>\n\t\t<\/div>\n\t\t\t\t\t<\/div>\n\t\t<\/section>\n\t\t\t\t<section class=\"elementor-section elementor-top-section elementor-element elementor-element-4a7abc7 elementor-section-boxed elementor-section-height-default elementor-section-height-default\" data-id=\"4a7abc7\" data-element_type=\"section\" data-e-type=\"section\" data-settings=\"{&quot;background_background&quot;:&quot;classic&quot;}\">\n\t\t\t\t\t\t<div class=\"elementor-container elementor-column-gap-default\">\n\t\t\t\t\t<div class=\"elementor-column elementor-col-100 elementor-top-column elementor-element elementor-element-55f6187\" data-id=\"55f6187\" data-element_type=\"column\" data-e-type=\"column\">\n\t\t\t<div class=\"elementor-widget-wrap elementor-element-populated\">\n\t\t\t\t\t\t<div class=\"elementor-element elementor-element-c799d7b elementor-widget-divider--view-line elementor-widget elementor-widget-divider\" data-id=\"c799d7b\" data-element_type=\"widget\" data-e-type=\"widget\" data-widget_type=\"divider.default\">\n\t\t\t\t<div class=\"elementor-widget-container\">\n\t\t\t\t\t\t\t<div class=\"elementor-divider\">\n\t\t\t<span class=\"elementor-divider-separator\">\n\t\t\t\t\t\t<\/span>\n\t\t<\/div>\n\t\t\t\t\t\t<\/div>\n\t\t\t\t<\/div>\n\t\t\t\t\t<\/div>\n\t\t<\/div>\n\t\t\t\t\t<\/div>\n\t\t<\/section>\n\t\t\t\t<section class=\"elementor-section elementor-top-section elementor-element elementor-element-b6da6c2 elementor-section-full_width elementor-section-height-default elementor-section-height-default\" data-id=\"b6da6c2\" data-element_type=\"section\" data-e-type=\"section\" data-settings=\"{&quot;background_background&quot;:&quot;gradient&quot;}\">\n\t\t\t\t\t\t<div class=\"elementor-container elementor-column-gap-default\">\n\t\t\t\t\t<div class=\"elementor-column elementor-col-100 elementor-top-column elementor-element elementor-element-ed2b2a7\" data-id=\"ed2b2a7\" data-element_type=\"column\" data-e-type=\"column\">\n\t\t\t<div class=\"elementor-widget-wrap elementor-element-populated\">\n\t\t\t\t\t\t<div class=\"elementor-element elementor-element-488eee2 elementor-widget-divider--view-line elementor-widget elementor-widget-divider\" data-id=\"488eee2\" data-element_type=\"widget\" data-e-type=\"widget\" data-widget_type=\"divider.default\">\n\t\t\t\t<div class=\"elementor-widget-container\">\n\t\t\t\t\t\t\t<div class=\"elementor-divider\">\n\t\t\t<span class=\"elementor-divider-separator\">\n\t\t\t\t\t\t<\/span>\n\t\t<\/div>\n\t\t\t\t\t\t<\/div>\n\t\t\t\t<\/div>\n\t\t\t\t\t<\/div>\n\t\t<\/div>\n\t\t\t\t\t<\/div>\n\t\t<\/section>\n\t\t\t\t<section class=\"elementor-section elementor-top-section elementor-element elementor-element-aafb16e elementor-section-boxed elementor-section-height-default elementor-section-height-default\" data-id=\"aafb16e\" data-element_type=\"section\" data-e-type=\"section\" data-settings=\"{&quot;background_background&quot;:&quot;classic&quot;}\">\n\t\t\t\t\t\t<div class=\"elementor-container elementor-column-gap-default\">\n\t\t\t\t\t<div class=\"elementor-column elementor-col-100 elementor-top-column elementor-element elementor-element-a3062b3\" data-id=\"a3062b3\" data-element_type=\"column\" data-e-type=\"column\">\n\t\t\t<div class=\"elementor-widget-wrap elementor-element-populated\">\n\t\t\t\t\t\t<div class=\"elementor-element elementor-element-0266081 elementor-widget elementor-widget-text-editor\" data-id=\"0266081\" data-element_type=\"widget\" data-e-type=\"widget\" data-widget_type=\"text-editor.default\">\n\t\t\t\t<div class=\"elementor-widget-container\">\n\t\t\t\t\t\t\t\t\t<p style=\"text-align: center;\"><span style=\"color: #999999;\">Grupo Atitudenew todos os direitos reservados &#8216;O Senhor \u00e9 a nossa Bandeira&#8217;<\/span><\/p>\t\t\t\t\t\t\t\t<\/div>\n\t\t\t\t<\/div>\n\t\t\t\t\t<\/div>\n\t\t<\/div>\n\t\t\t\t\t<\/div>\n\t\t<\/section>\n\t\t\t\t<\/div>\n\t\t","protected":false},"excerpt":{"rendered":"<p>Clube de neg\u00f3cios Atitudenew O Clube de Neg\u00f3cios AtitudeNew foi criado para empres\u00e1rios, empreendedores e profissionais que acreditam no poder do relacionamento estrat\u00e9gico e do crescimento colaborativo. Mais do que uma comunidade, o clube \u00e9 um ecossistema de oportunidades reais de neg\u00f3cios. Ao se tornar membro, voc\u00ea passa a fazer parte de uma rede qualificada, [&hellip;]<\/p>\n","protected":false},"author":1,"featured_media":0,"parent":0,"menu_order":0,"comment_status":"closed","ping_status":"closed","template":"elementor_canvas","meta":{"_themeisle_gutenberg_block_has_review":false,"footnotes":""},"class_list":["post-5760","page","type-page","status-publish","hentry"],"_links":{"self":[{"href":"https:\/\/premium.atitudenew.com\/index.php?rest_route=\/wp\/v2\/pages\/5760","targetHints":{"allow":["GET"]}}],"collection":[{"href":"https:\/\/premium.atitudenew.com\/index.php?rest_route=\/wp\/v2\/pages"}],"about":[{"href":"https:\/\/premium.atitudenew.com\/index.php?rest_route=\/wp\/v2\/types\/page"}],"author":[{"embeddable":true,"href":"https:\/\/premium.atitudenew.com\/index.php?rest_route=\/wp\/v2\/users\/1"}],"replies":[{"embeddable":true,"href":"https:\/\/premium.atitudenew.com\/index.php?rest_route=%2Fwp%2Fv2%2Fcomments&post=5760"}],"version-history":[{"count":46,"href":"https:\/\/premium.atitudenew.com\/index.php?rest_route=\/wp\/v2\/pages\/5760\/revisions"}],"predecessor-version":[{"id":5957,"href":"https:\/\/premium.atitudenew.com\/index.php?rest_route=\/wp\/v2\/pages\/5760\/revisions\/5957"}],"wp:attachment":[{"href":"https:\/\/premium.atitudenew.com\/index.php?rest_route=%2Fwp%2Fv2%2Fmedia&parent=5760"}],"curies":[{"name":"wp","href":"https:\/\/api.w.org\/{rel}","templated":true}]}}